{"id":1093,"date":"2018-06-13T14:06:47","date_gmt":"2018-06-13T14:06:47","guid":{"rendered":"http:\/\/cbgf.clientreview.ca\/dev\/reseau\/"},"modified":"2024-08-15T10:52:22","modified_gmt":"2024-08-15T14:52:22","slug":"reseau","status":"publish","type":"page","link":"https:\/\/cbgf.com\/fr\/reseau\/","title":{"rendered":"R\u00e9seau"},"content":{"rendered":"<p><div class=\"fusion-fullwidth fullwidth-box fusion-builder-row-1 fusion-parallax-none nonhundred-percent-fullwidth non-hundred-percent-height-scrolling fusion-equal-height-columns lazyload background-contain remove-desktop-padding backgroundFadeInUp\" style=\"--awb-background-position:left center;--awb-border-radius-top-left:0px;--awb-border-radius-top-right:0px;--awb-border-radius-bottom-right:0px;--awb-border-radius-bottom-left:0px;--awb-background-size:cover;--awb-flex-wrap:wrap;\" data-bg=\"https:\/\/cbgf.com\/wp-content\/uploads\/2018\/05\/icon-bg.png\" ><div class=\"fusion-builder-row fusion-row\"><div class=\"fusion-layout-column fusion_builder_column fusion-builder-column-0 fusion_builder_column_1_1 1_1 fusion-one-full fusion-column-first fusion-column-last fusion-column-no-min-height fusion-no-small-visibility\" style=\"--awb-bg-size:cover;\"><div class=\"fusion-column-wrapper fusion-flex-column-wrapper-legacy\"><div class=\"fusion-sep-clear\"><\/div><div class=\"fusion-separator fusion-full-width-sep\" style=\"margin-left: auto;margin-right: auto;margin-top:50px;width:100%;\"><\/div><div class=\"fusion-sep-clear\"><\/div><div class=\"fusion-clearfix\"><\/div><\/div><\/div><div class=\"fusion-layout-column fusion_builder_column fusion-builder-column-1 fusion_builder_column_1_1 1_1 fusion-one-full fusion-column-first fusion-column-last fadeInUp\" style=\"--awb-bg-size:cover;\"><div class=\"fusion-column-wrapper fusion-flex-column-wrapper-legacy\"><div class=\"fusion-column-content-centered\"><div class=\"fusion-column-content\"><div class=\"fusion-title title fusion-title-1 fusion-sep-none fusion-title-text fusion-title-size-three\" style=\"--awb-margin-top-small:0px;--awb-margin-right-small:0px;--awb-margin-bottom-small:20px;--awb-margin-left-small:0px;\"><h3 class=\"fusion-title-heading title-heading-left\" style=\"margin:0;\">Le CBGF dispose d&rsquo;un vaste r\u00e9seau de chefs d&rsquo;entreprise et d&rsquo;experts d\u2019industries qui ont une passion pour la croissance et l&rsquo;aide aux entreprises.<\/h3><\/div><\/div><\/div><div class=\"fusion-clearfix\"><\/div><\/div><\/div><div class=\"fusion-layout-column fusion_builder_column fusion-builder-column-2 fusion_builder_column_1_1 1_1 fusion-one-full fusion-column-first fusion-column-last fusion-column-no-min-height fusion-no-small-visibility\" style=\"--awb-bg-size:cover;\"><div class=\"fusion-column-wrapper fusion-flex-column-wrapper-legacy\"><div class=\"fusion-sep-clear\"><\/div><div class=\"fusion-separator fusion-full-width-sep\" style=\"margin-left: auto;margin-right: auto;margin-top:50px;width:100%;\"><\/div><div class=\"fusion-sep-clear\"><\/div><div class=\"fusion-clearfix\"><\/div><\/div><\/div><\/div><\/div><div class=\"fusion-fullwidth fullwidth-box fusion-builder-row-2 fusion-parallax-none hundred-percent-fullwidth non-hundred-percent-height-scrolling fusion-equal-height-columns lazyload move-background-left background-contain remove-desktop-padding backgroundFadeInUp hide-background-mobile\" style=\"--awb-background-position:left center;--awb-border-radius-top-left:0px;--awb-border-radius-top-right:0px;--awb-border-radius-bottom-right:0px;--awb-border-radius-bottom-left:0px;--awb-margin-top:50px;--awb-margin-bottom:50px;--awb-background-size:cover;--awb-flex-wrap:wrap;\" data-bg=\"https:\/\/cbgf.com\/wp-content\/uploads\/2018\/06\/talentnetwork.png\" ><div class=\"fusion-builder-row fusion-row\"><div class=\"fusion-layout-column fusion_builder_column fusion-builder-column-3 fusion_builder_column_1_1 1_1 fusion-one-full fusion-column-first fusion-column-last fusion-column-no-min-height fusion-no-small-visibility\" style=\"--awb-bg-size:cover;\"><div class=\"fusion-column-wrapper fusion-flex-column-wrapper-legacy\"><div class=\"fusion-sep-clear\"><\/div><div class=\"fusion-separator fusion-full-width-sep\" style=\"margin-left: auto;margin-right: auto;margin-top:50px;width:100%;\"><\/div><div class=\"fusion-sep-clear\"><\/div><div class=\"fusion-clearfix\"><\/div><\/div><\/div><div class=\"fusion-layout-column fusion_builder_column fusion-builder-column-4 fusion_builder_column_1_1 1_1 fusion-one-full fusion-column-first fusion-column-last fusion-column-no-min-height fusion-no-large-visibility fadeInUp full-width\" style=\"--awb-bg-size:cover;--awb-margin-bottom:40px;\"><div class=\"fusion-column-wrapper fusion-flex-column-wrapper-legacy\"><div class=\"fusion-image-element fusion-image-align-center in-legacy-container\" style=\"text-align:center;--awb-caption-title-font-family:var(--h2_typography-font-family);--awb-caption-title-font-weight:var(--h2_typography-font-weight);--awb-caption-title-font-style:var(--h2_typography-font-style);--awb-caption-title-size:var(--h2_typography-font-size);--awb-caption-title-transform:var(--h2_typography-text-transform);--awb-caption-title-line-height:var(--h2_typography-line-height);--awb-caption-title-letter-spacing:var(--h2_typography-letter-spacing);\"><div class=\"imageframe-align-center\"><span class=\" fusion-imageframe imageframe-none imageframe-1 hover-type-none\"><img decoding=\"async\" width=\"669\" height=\"504\" alt=\"Puzzle Pieces\" title=\"talentnetwork\" src=\"https:\/\/cbgf.com\/wp-content\/uploads\/2018\/07\/talentnetwork.jpg\" data-orig-src=\"https:\/\/cbgf.com\/wp-content\/uploads\/2018\/07\/talentnetwork.jpg\" class=\"lazyload img-responsive wp-image-2401\" srcset=\"data:image\/svg+xml,%3Csvg%20xmlns%3D%27http%3A%2F%2Fwww.w3.org%2F2000%2Fsvg%27%20width%3D%27669%27%20height%3D%27504%27%20viewBox%3D%270%200%20669%20504%27%3E%3Crect%20width%3D%27669%27%20height%3D%27504%27%20fill-opacity%3D%220%22%2F%3E%3C%2Fsvg%3E\" data-srcset=\"https:\/\/cbgf.com\/wp-content\/uploads\/2018\/07\/talentnetwork-200x151.jpg 200w, https:\/\/cbgf.com\/wp-content\/uploads\/2018\/07\/talentnetwork-400x301.jpg 400w, https:\/\/cbgf.com\/wp-content\/uploads\/2018\/07\/talentnetwork-600x452.jpg 600w, https:\/\/cbgf.com\/wp-content\/uploads\/2018\/07\/talentnetwork.jpg 669w\" data-sizes=\"auto\" data-orig-sizes=\"(max-width: 800px) 100vw, 669px\" \/><\/span><\/div><\/div><div class=\"fusion-clearfix\"><\/div><\/div><\/div><div class=\"fusion-layout-column fusion_builder_column fusion-builder-column-5 fusion_builder_column_2_5 2_5 fusion-two-fifth fusion-column-first fusion-no-small-visibility fusion-no-medium-visibility\" style=\"--awb-bg-size:cover;width:40%;width:calc(40% - ( ( 4% ) * 0.4 ) );margin-right: 4%;\"><div class=\"fusion-column-wrapper fusion-flex-column-wrapper-legacy\"><div class=\"fusion-column-content-centered\"><div class=\"fusion-column-content\"><\/div><\/div><div class=\"fusion-clearfix\"><\/div><\/div><\/div><div class=\"fusion-layout-column fusion_builder_column fusion-builder-column-6 fusion_builder_column_3_5 3_5 fusion-three-fifth fusion-column-last contain-width add-left-padding-to-content fadeInUp\" style=\"--awb-bg-size:cover;width:60%;width:calc(60% - ( ( 4% ) * 0.6 ) );\"><div class=\"fusion-column-wrapper fusion-flex-column-wrapper-legacy\"><div class=\"fusion-title title fusion-title-2 fusion-sep-none fusion-title-text fusion-title-size-two\" style=\"--awb-margin-top-small:0px;--awb-margin-right-small:0px;--awb-margin-bottom-small:20px;--awb-margin-left-small:0px;\"><h2 class=\"fusion-title-heading title-heading-left\" style=\"margin:0;\">R\u00e9seau de talents<\/h2><\/div><div class=\"fusion-text fusion-text-1\" style=\"--awb-text-transform:none;\"><p>Dans le cadre de nos efforts pour soutenir les entrepreneurs, le CBGF d\u00e9veloppe son vaste r\u00e9seau d&rsquo;exploitants, de professionnels et de prestataires de service exp\u00e9riment\u00e9s qui peuvent apporter leur soutien aux entreprises de notre portefeuille. Ces conseillers et ces firmes peuvent contribuer aux strat\u00e9gies de croissance et d&rsquo;am\u00e9lioration op\u00e9rationnelle tout en encadrant les \u00e9quipes de gestion des partenaires.<\/p>\n<p>Notre r\u00e9seau de talents peut s\u2019impliquer des fa\u00e7ons suivantes:<\/p>\n<ul>\n<li>Pr\u00e9sident du conseil d\u2019administration, membre du conseil d\u2019administration, conseiller ou mentor aupr\u00e8s de nos entreprises de portefeuille<\/li>\n<li>Jouer un r\u00f4le au niveau administratif aupr\u00e8s de nos entreprises de portefeuille<\/li>\n<li>Conseiller CBGF au cours du processus de diligence raisonnable ou soutenir les entreprises de notre portefeuille apr\u00e8s l&rsquo;investissement<\/li>\n<\/ul>\n<\/div><div class=\"fusion-clearfix\"><\/div><\/div><\/div><div class=\"fusion-layout-column fusion_builder_column fusion-builder-column-7 fusion_builder_column_1_1 1_1 fusion-one-full fusion-column-first fusion-column-last fusion-column-no-min-height fusion-no-small-visibility fusion-no-medium-visibility\" style=\"--awb-bg-size:cover;\"><div class=\"fusion-column-wrapper fusion-flex-column-wrapper-legacy\"><div class=\"fusion-sep-clear\"><\/div><div class=\"fusion-separator fusion-full-width-sep\" style=\"margin-left: auto;margin-right: auto;margin-top:150px;width:100%;\"><\/div><div class=\"fusion-sep-clear\"><\/div><div class=\"fusion-clearfix\"><\/div><\/div><\/div><\/div><\/div><div class=\"fusion-fullwidth fullwidth-box fusion-builder-row-3 fusion-parallax-none hundred-percent-fullwidth non-hundred-percent-height-scrolling fusion-equal-height-columns lazyload move-background-right background-contain remove-desktop-padding backgroundFadeInUp hide-background-mobile\" style=\"--awb-background-position:right center;--awb-border-radius-top-left:0px;--awb-border-radius-top-right:0px;--awb-border-radius-bottom-right:0px;--awb-border-radius-bottom-left:0px;--awb-margin-top:50px;--awb-margin-bottom:50px;--awb-background-size:cover;--awb-flex-wrap:wrap;\" data-bg=\"https:\/\/cbgf.com\/wp-content\/uploads\/2018\/06\/shaking-hands-1.png\" ><div class=\"fusion-builder-row fusion-row\"><div class=\"fusion-layout-column fusion_builder_column fusion-builder-column-8 fusion_builder_column_1_1 1_1 fusion-one-full fusion-column-first fusion-column-last fusion-column-no-min-height fusion-no-small-visibility\" style=\"--awb-bg-size:cover;\"><div class=\"fusion-column-wrapper fusion-flex-column-wrapper-legacy\"><div class=\"fusion-sep-clear\"><\/div><div class=\"fusion-separator fusion-full-width-sep\" style=\"margin-left: auto;margin-right: auto;margin-top:50px;width:100%;\"><\/div><div class=\"fusion-sep-clear\"><\/div><div class=\"fusion-clearfix\"><\/div><\/div><\/div><div class=\"fusion-layout-column fusion_builder_column fusion-builder-column-9 fusion_builder_column_1_1 1_1 fusion-one-full fusion-column-first fusion-column-last fusion-column-no-min-height fusion-no-large-visibility fadeInUp full-width\" style=\"--awb-bg-size:cover;--awb-margin-bottom:40px;\"><div class=\"fusion-column-wrapper fusion-flex-column-wrapper-legacy\"><div class=\"fusion-image-element fusion-image-align-center in-legacy-container\" style=\"text-align:center;--awb-caption-title-font-family:var(--h2_typography-font-family);--awb-caption-title-font-weight:var(--h2_typography-font-weight);--awb-caption-title-font-style:var(--h2_typography-font-style);--awb-caption-title-size:var(--h2_typography-font-size);--awb-caption-title-transform:var(--h2_typography-text-transform);--awb-caption-title-line-height:var(--h2_typography-line-height);--awb-caption-title-letter-spacing:var(--h2_typography-letter-spacing);\"><div class=\"imageframe-align-center\"><span class=\" fusion-imageframe imageframe-none imageframe-2 hover-type-none\"><img decoding=\"async\" width=\"857\" height=\"717\" alt=\"Smiling Woman\" title=\"shaking-hands-1\" src=\"https:\/\/cbgf.com\/wp-content\/uploads\/2018\/07\/shaking-hands-1.jpg\" data-orig-src=\"https:\/\/cbgf.com\/wp-content\/uploads\/2018\/07\/shaking-hands-1.jpg\" class=\"lazyload img-responsive wp-image-2402\" srcset=\"data:image\/svg+xml,%3Csvg%20xmlns%3D%27http%3A%2F%2Fwww.w3.org%2F2000%2Fsvg%27%20width%3D%27857%27%20height%3D%27717%27%20viewBox%3D%270%200%20857%20717%27%3E%3Crect%20width%3D%27857%27%20height%3D%27717%27%20fill-opacity%3D%220%22%2F%3E%3C%2Fsvg%3E\" data-srcset=\"https:\/\/cbgf.com\/wp-content\/uploads\/2018\/07\/shaking-hands-1-200x167.jpg 200w, https:\/\/cbgf.com\/wp-content\/uploads\/2018\/07\/shaking-hands-1-400x335.jpg 400w, https:\/\/cbgf.com\/wp-content\/uploads\/2018\/07\/shaking-hands-1-600x502.jpg 600w, https:\/\/cbgf.com\/wp-content\/uploads\/2018\/07\/shaking-hands-1-800x669.jpg 800w, https:\/\/cbgf.com\/wp-content\/uploads\/2018\/07\/shaking-hands-1.jpg 857w\" data-sizes=\"auto\" data-orig-sizes=\"(max-width: 800px) 100vw, 857px\" \/><\/span><\/div><\/div><div class=\"fusion-clearfix\"><\/div><\/div><\/div><div class=\"fusion-layout-column fusion_builder_column fusion-builder-column-10 fusion_builder_column_3_5 3_5 fusion-three-fifth fusion-column-first contain-width add-left-padding-to-content fadeInUp\" style=\"--awb-bg-size:cover;width:60%;width:calc(60% - ( ( 4% ) * 0.6 ) );margin-right: 4%;\"><div class=\"fusion-column-wrapper fusion-flex-column-wrapper-legacy\"><div class=\"fusion-title title fusion-title-3 fusion-sep-none fusion-title-text fusion-title-size-two\" style=\"--awb-margin-top-small:0px;--awb-margin-right-small:0px;--awb-margin-bottom-small:20px;--awb-margin-left-small:0px;\"><h2 class=\"fusion-title-heading title-heading-left\" style=\"margin:0;\">Notre r\u00e9seau<\/h2><\/div><div class=\"fusion-text fusion-text-2\" style=\"--awb-text-transform:none;\"><p>Nous sommes toujours \u00e0 la recherche de personnes et d\u2019entreprises solides pour rejoindre notre r\u00e9seau. Si vous \u00eates un cadre exp\u00e9riment\u00e9 qui a fait ses preuves et qui souhaite travailler avec des entreprises de croissance ambitieuses, nous aimerions vous conna\u00eetre. <span style=\"color: var(--awb-text-color); font-family: var(--awb-text-font-family); font-size: var(--awb-font-size); font-style: var(--awb-text-font-style); font-weight: var(--awb-text-font-weight); letter-spacing: var(--awb-letter-spacing); text-align: var(--awb-content-alignment); text-transform: var(--awb-text-transform); background-color: var(--awb-bg-color-hover);\">Si votre entreprise peut soutenir les entreprises du portefeuille du CBGF et apporter une valeur ajout\u00e9e, contactez-nous d\u00e8s aujourd&rsquo;hui.<\/span><\/p>\n<\/div><div class=\"fusion-button-wrapper\"><a class=\"fusion-button button-flat fusion-button-default-size button-default fusion-button-default button-1 fusion-button-default-span fusion-button-default-type\" target=\"_self\" href=\"\/fr\/contactez-nous\/\"><span class=\"fusion-button-text awb-button__text awb-button__text--default\">Contactez-Nous<\/span><\/a><\/div><div class=\"fusion-clearfix\"><\/div><\/div><\/div><div class=\"fusion-layout-column fusion_builder_column fusion-builder-column-11 fusion_builder_column_2_5 2_5 fusion-two-fifth fusion-column-last fusion-no-small-visibility fusion-no-medium-visibility\" style=\"--awb-bg-size:cover;width:40%;width:calc(40% - ( ( 4% ) * 0.4 ) );\"><div class=\"fusion-column-wrapper fusion-flex-column-wrapper-legacy\"><div class=\"fusion-column-content-centered\"><div class=\"fusion-column-content\"><\/div><\/div><div class=\"fusion-clearfix\"><\/div><\/div><\/div><div class=\"fusion-layout-column fusion_builder_column fusion-builder-column-12 fusion_builder_column_1_1 1_1 fusion-one-full fusion-column-first fusion-column-last fusion-column-no-min-height fusion-no-small-visibility\" style=\"--awb-bg-size:cover;\"><div class=\"fusion-column-wrapper fusion-flex-column-wrapper-legacy\"><div class=\"fusion-sep-clear\"><\/div><div class=\"fusion-separator fusion-full-width-sep\" style=\"margin-left: auto;margin-right: auto;margin-top:150px;width:100%;\"><\/div><div class=\"fusion-sep-clear\"><\/div><div class=\"fusion-clearfix\"><\/div><\/div><\/div><\/div><\/div><div class=\"fusion-fullwidth fullwidth-box fusion-builder-row-4 hundred-percent-fullwidth non-hundred-percent-height-scrolling\" style=\"--awb-border-radius-top-left:0px;--awb-border-radius-top-right:0px;--awb-border-radius-bottom-right:0px;--awb-border-radius-bottom-left:0px;--awb-flex-wrap:wrap;\" ><div class=\"fusion-builder-row fusion-row\"><div class=\"fusion-layout-column fusion_builder_column fusion-builder-column-13 fusion_builder_column_1_1 1_1 fusion-one-full fusion-column-first fusion-column-last\" style=\"--awb-bg-size:cover;\"><div class=\"fusion-column-wrapper fusion-flex-column-wrapper-legacy\">\n<div class=\"fusion-slider-revolution rev_slider_wrapper\">\t\t\t<!-- START NetworkCallout REVOLUTION SLIDER 6.7.41 --><p class=\"rs-p-wp-fix\"><\/p>\n\t\t\t<rs-module-wrap id=\"rev_slider_15_1_wrapper\" data-source=\"gallery\" style=\"visibility:hidden;background:transparent;padding:0;margin:0px auto;margin-top:0;margin-bottom:0;\">\n\t\t\t\t<rs-module id=\"rev_slider_15_1\" style=\"\" data-version=\"6.7.41\">\n\t\t\t\t\t<rs-slides style=\"overflow: hidden; position: absolute;\">\n\t\t\t\t\t\t<rs-slide style=\"position: absolute;\" data-key=\"rs-128\" data-title=\"Slide\" data-anim=\"adpr:false;\" data-in=\"o:0;\" data-out=\"a:false;\">\n\t\t\t\t\t\t\t<img decoding=\"async\" src=\"\/\/cbgf.com\/wp-content\/plugins\/revslider\/sr6\/assets\/assets\/dummy.png\" alt=\"winter walk\" title=\"network-banner-winter-bottom\" width=\"1920\" height=\"840\" class=\"rev-slidebg tp-rs-img rs-lazyload\" data-lazyload=\"\/\/cbgf.com\/wp-content\/uploads\/2019\/11\/network-banner-winter-bottom.jpg\" data-no-retina>\n<!--\n\t\t\t\t\t\t\t--><rs-layer\n\t\t\t\t\t\t\t\tid=\"slider-15-slide-128-layer-1\" \n\t\t\t\t\t\t\t\tdata-type=\"image\"\n\t\t\t\t\t\t\t\tdata-rsp_ch=\"on\"\n\t\t\t\t\t\t\t\tdata-xy=\"x:c;xo:-105px,-105px,0,-105px;y:m;yo:-16px,-16px,63px,63px;\"\n\t\t\t\t\t\t\t\tdata-text=\"l:22;a:inherit;\"\n\t\t\t\t\t\t\t\tdata-dim=\"w:[&#039;284px&#039;,&#039;284px&#039;,&#039;284px&#039;,&#039;284px&#039;];h:[&#039;81px&#039;,&#039;81px&#039;,&#039;81px&#039;,&#039;81px&#039;];\"\n\t\t\t\t\t\t\t\tdata-frame_0=\"y:50px;\"\n\t\t\t\t\t\t\t\tdata-frame_1=\"e:circ.out;st:3000;sp:1000;sR:3000;\"\n\t\t\t\t\t\t\t\tdata-frame_999=\"o:0;st:w;sR:5000;\"\n\t\t\t\t\t\t\t\tstyle=\"z-index:7;\"\n\t\t\t\t\t\t\t><img decoding=\"async\" src=\"\/\/cbgf.com\/wp-content\/plugins\/revslider\/sr6\/assets\/assets\/dummy.png\" alt=\"contactez nous des aujourd hui\" class=\"disable-lazyload tp-rs-img rs-lazyload\" width=\"200\" height=\"57\" data-lazyload=\"\/\/cbgf.com\/wp-content\/uploads\/2019\/11\/contact-yellow-french.png\" data-no-retina> \n\t\t\t\t\t\t\t<\/rs-layer><!--\n\n\t\t\t\t\t\t\t--><rs-layer\n\t\t\t\t\t\t\t\tid=\"slider-15-slide-128-layer-3\" \n\t\t\t\t\t\t\t\tdata-type=\"text\"\n\t\t\t\t\t\t\t\tdata-rsp_ch=\"on\"\n\t\t\t\t\t\t\t\tdata-xy=\"x:c;xo:-195px,-195px,0,-195px;y:m;yo:-187px,-187px,-71px,-71px;\"\n\t\t\t\t\t\t\t\tdata-text=\"s:80,80,50,50;l:80,80,50,50;fw:700;a:inherit;\"\n\t\t\t\t\t\t\t\tdata-frame_0=\"x:50px;\"\n\t\t\t\t\t\t\t\tdata-frame_1=\"st:500;sp:1500;sR:500;\"\n\t\t\t\t\t\t\t\tdata-frame_999=\"o:0;st:w;sR:7000;\"\n\t\t\t\t\t\t\t\tstyle=\"z-index:5;font-family:'Open Sans';\"\n\t\t\t\t\t\t\t>Nous faisons les choses \n\t\t\t\t\t\t\t<\/rs-layer><!--\n\n\t\t\t\t\t\t\t--><rs-layer\n\t\t\t\t\t\t\t\tid=\"slider-15-slide-128-layer-4\" \n\t\t\t\t\t\t\t\tdata-type=\"text\"\n\t\t\t\t\t\t\t\tdata-rsp_ch=\"on\"\n\t\t\t\t\t\t\t\tdata-xy=\"x:c;xo:-86px,-86px,0,-86px;y:m;yo:-106px,-106px,-20px,-20px;\"\n\t\t\t\t\t\t\t\tdata-text=\"s:80,80,50,50;l:80,80,50,50;fw:700;a:inherit;\"\n\t\t\t\t\t\t\t\tdata-frame_0=\"x:-50px;\"\n\t\t\t\t\t\t\t\tdata-frame_1=\"st:1500;sp:1500;sR:1500;\"\n\t\t\t\t\t\t\t\tdata-frame_999=\"o:0;st:w;sR:6000;\"\n\t\t\t\t\t\t\t\tstyle=\"z-index:6;font-family:'Open Sans';\"\n\t\t\t\t\t\t\t>un peu diff\u00e9remment. \n\t\t\t\t\t\t\t<\/rs-layer><!--\n-->\t\t\t\t\t<\/rs-slide>\n\t\t\t\t\t<\/rs-slides>\n\t\t\t\t<\/rs-module>\n\t\t\t\t<script>\n\t\t\t\t\tsetREVStartSize({c: 'rev_slider_15_1',rl:[1240,1240,778,778],el:[857,857,500,500],gw:[1920,1920,778,778],gh:[857,857,500,500],type:'hero',justify:'',layout:'fullwidth',mh:\"0\"});if (window.RS_MODULES!==undefined && window.RS_MODULES.modules!==undefined && window.RS_MODULES.modules[\"revslider151\"]!==undefined) {window.RS_MODULES.modules[\"revslider151\"].once = false;window.revapi15 = undefined;if (window.RS_MODULES.checkMinimal!==undefined) window.RS_MODULES.checkMinimal()}\n\t\t\t\t<\/script>\n\t\t\t<\/rs-module-wrap>\n\t\t\t<!-- END REVOLUTION SLIDER -->\n<\/div><div class=\"fusion-clearfix\"><\/div><\/div><\/div><\/div><\/div><\/p>\n","protected":false},"excerpt":{"rendered":"","protected":false},"author":1,"featured_media":0,"parent":0,"menu_order":0,"comment_status":"closed","ping_status":"closed","template":"100-width.php","meta":{"_acf_changed":false,"_relevanssi_hide_post":"","_relevanssi_hide_content":"","_relevanssi_pin_for_all":"","_relevanssi_pin_keywords":"","_relevanssi_unpin_keywords":"","_relevanssi_related_keywords":"","_relevanssi_related_include_ids":"","_relevanssi_related_exclude_ids":"","_relevanssi_related_no_append":"","_relevanssi_related_not_related":"","_relevanssi_related_posts":"","_relevanssi_noindex_reason":"","footnotes":"","_links_to":"","_links_to_target":""},"class_list":["post-1093","page","type-page","status-publish","hentry"],"acf":[],"yoast_head":"<!-- This site is optimized with the Yoast SEO plugin v27.4 - https:\/\/yoast.com\/product\/yoast-seo-wordpress\/ -->\n<title>R\u00e9seau de talents du CBGF Talent Network | Chefs d&#039;entreprise<\/title>\n<meta name=\"description\" content=\"CBGF d\u00e9veloppe un r\u00e9seau de chefs d&#039;entreprise et d&#039;experts d&#039;industrie qui ont une passion pour le d\u00e9veloppement et qui d\u00e9sirent aider les entreprises \u00e0 r\u00e9ussir.\" \/>\n<meta name=\"robots\" content=\"index, follow, max-snippet:-1, max-image-preview:large, max-video-preview:-1\" \/>\n<link rel=\"canonical\" href=\"https:\/\/cbgf.com\/fr\/reseau\/\" \/>\n<meta property=\"og:locale\" content=\"fr_CA\" \/>\n<meta property=\"og:type\" content=\"article\" \/>\n<meta property=\"og:title\" content=\"R\u00e9seau de talents du CBGF Talent Network | Chefs d&#039;entreprise\" \/>\n<meta property=\"og:description\" content=\"CBGF d\u00e9veloppe un r\u00e9seau de chefs d&#039;entreprise et d&#039;experts d&#039;industrie qui ont une passion pour le d\u00e9veloppement et qui d\u00e9sirent aider les entreprises \u00e0 r\u00e9ussir.\" \/>\n<meta property=\"og:url\" content=\"https:\/\/cbgf.com\/fr\/reseau\/\" \/>\n<meta property=\"og:site_name\" content=\"Canadian Business Growth Fund\" \/>\n<meta property=\"article:modified_time\" content=\"2024-08-15T14:52:22+00:00\" \/>\n<meta property=\"og:image\" content=\"https:\/\/cbgf.com\/wp-content\/uploads\/2018\/06\/network-banner.jpg\" \/>\n\t<meta property=\"og:image:width\" content=\"1920\" \/>\n\t<meta property=\"og:image:height\" content=\"700\" \/>\n\t<meta property=\"og:image:type\" content=\"image\/jpeg\" \/>\n<meta name=\"twitter:card\" content=\"summary_large_image\" \/>\n<meta name=\"twitter:image\" content=\"https:\/\/cbgf.com\/wp-content\/uploads\/2018\/06\/network-banner.jpg\" \/>\n<meta name=\"twitter:site\" content=\"@CBGFinvestments\" \/>\n<meta name=\"twitter:label1\" content=\"Estimation du temps de lecture\" \/>\n\t<meta name=\"twitter:data1\" content=\"10 minutes\" \/>\n<!-- \/ Yoast SEO plugin. -->","yoast_head_json":{"title":"R\u00e9seau de talents du CBGF Talent Network | Chefs d'entreprise","description":"CBGF d\u00e9veloppe un r\u00e9seau de chefs d'entreprise et d'experts d'industrie qui ont une passion pour le d\u00e9veloppement et qui d\u00e9sirent aider les entreprises \u00e0 r\u00e9ussir.","robots":{"index":"index","follow":"follow","max-snippet":"max-snippet:-1","max-image-preview":"max-image-preview:large","max-video-preview":"max-video-preview:-1"},"canonical":"https:\/\/cbgf.com\/fr\/reseau\/","og_locale":"fr_CA","og_type":"article","og_title":"R\u00e9seau de talents du CBGF Talent Network | Chefs d'entreprise","og_description":"CBGF d\u00e9veloppe un r\u00e9seau de chefs d'entreprise et d'experts d'industrie qui ont une passion pour le d\u00e9veloppement et qui d\u00e9sirent aider les entreprises \u00e0 r\u00e9ussir.","og_url":"https:\/\/cbgf.com\/fr\/reseau\/","og_site_name":"Canadian Business Growth Fund","article_modified_time":"2024-08-15T14:52:22+00:00","og_image":[{"width":1920,"height":700,"url":"https:\/\/cbgf.com\/wp-content\/uploads\/2018\/06\/network-banner.jpg","type":"image\/jpeg"}],"twitter_card":"summary_large_image","twitter_image":"https:\/\/cbgf.com\/wp-content\/uploads\/2018\/06\/network-banner.jpg","twitter_site":"@CBGFinvestments","twitter_misc":{"Estimation du temps de lecture":"10 minutes"},"schema":{"@context":"https:\/\/schema.org","@graph":[{"@type":"WebPage","@id":"https:\/\/cbgf.com\/fr\/reseau\/","url":"https:\/\/cbgf.com\/fr\/reseau\/","name":"R\u00e9seau de talents du CBGF Talent Network | Chefs d'entreprise","isPartOf":{"@id":"https:\/\/cbgf.com\/fr\/#website"},"datePublished":"2018-06-13T14:06:47+00:00","dateModified":"2024-08-15T14:52:22+00:00","description":"CBGF d\u00e9veloppe un r\u00e9seau de chefs d'entreprise et d'experts d'industrie qui ont une passion pour le d\u00e9veloppement et qui d\u00e9sirent aider les entreprises \u00e0 r\u00e9ussir.","breadcrumb":{"@id":"https:\/\/cbgf.com\/fr\/reseau\/#breadcrumb"},"inLanguage":"fr-CA","potentialAction":[{"@type":"ReadAction","target":["https:\/\/cbgf.com\/fr\/reseau\/"]}]},{"@type":"BreadcrumbList","@id":"https:\/\/cbgf.com\/fr\/reseau\/#breadcrumb","itemListElement":[{"@type":"ListItem","position":1,"name":"Home","item":"https:\/\/cbgf.com\/fr\/"},{"@type":"ListItem","position":2,"name":"R\u00e9seau"}]},{"@type":"WebSite","@id":"https:\/\/cbgf.com\/fr\/#website","url":"https:\/\/cbgf.com\/fr\/","name":"Canadian Business Growth Fund","description":"","potentialAction":[{"@type":"SearchAction","target":{"@type":"EntryPoint","urlTemplate":"https:\/\/cbgf.com\/fr\/?s={search_term_string}"},"query-input":{"@type":"PropertyValueSpecification","valueRequired":true,"valueName":"search_term_string"}}],"inLanguage":"fr-CA"}]}},"_links":{"self":[{"href":"https:\/\/cbgf.com\/fr\/wp-json\/wp\/v2\/pages\/1093","targetHints":{"allow":["GET"]}}],"collection":[{"href":"https:\/\/cbgf.com\/fr\/wp-json\/wp\/v2\/pages"}],"about":[{"href":"https:\/\/cbgf.com\/fr\/wp-json\/wp\/v2\/types\/page"}],"author":[{"embeddable":true,"href":"https:\/\/cbgf.com\/fr\/wp-json\/wp\/v2\/users\/1"}],"replies":[{"embeddable":true,"href":"https:\/\/cbgf.com\/fr\/wp-json\/wp\/v2\/comments?post=1093"}],"version-history":[{"count":0,"href":"https:\/\/cbgf.com\/fr\/wp-json\/wp\/v2\/pages\/1093\/revisions"}],"wp:attachment":[{"href":"https:\/\/cbgf.com\/fr\/wp-json\/wp\/v2\/media?parent=1093"}],"curies":[{"name":"wp","href":"https:\/\/api.w.org\/{rel}","templated":true}]}}