{"id":1193,"date":"2018-06-13T19:37:44","date_gmt":"2018-06-13T19:37:44","guid":{"rendered":"http:\/\/cbgf.clientreview.ca\/dev\/contactez-nous\/"},"modified":"2024-08-20T13:43:51","modified_gmt":"2024-08-20T17:43:51","slug":"contactez-nous","status":"publish","type":"page","link":"https:\/\/cbgf.com\/fr\/contactez-nous\/","title":{"rendered":"Contactez-Nous"},"content":{"rendered":"<p><div class=\"fusion-fullwidth fullwidth-box fusion-builder-row-1 fusion-parallax-none hundred-percent-fullwidth non-hundred-percent-height-scrolling fusion-equal-height-columns lazyload background-contain remove-desktop-padding backgroundFadeInUp hide-background-mobile\" style=\"--awb-background-position:left center;--awb-border-radius-top-left:0px;--awb-border-radius-top-right:0px;--awb-border-radius-bottom-right:0px;--awb-border-radius-bottom-left:0px;--awb-background-size:cover;--awb-flex-wrap:wrap;\" data-bg=\"https:\/\/cbgf.com\/wp-content\/uploads\/2018\/06\/icon-bg-padding.png\" ><div class=\"fusion-builder-row fusion-row\"><div class=\"fusion-layout-column fusion_builder_column fusion-builder-column-0 fusion_builder_column_1_1 1_1 fusion-one-full fusion-column-first fusion-column-last fusion-column-no-min-height fusion-no-small-visibility\" style=\"--awb-bg-size:cover;\"><div class=\"fusion-column-wrapper fusion-flex-column-wrapper-legacy\"><div class=\"fusion-sep-clear\"><\/div><div class=\"fusion-separator fusion-full-width-sep\" style=\"margin-left: auto;margin-right: auto;margin-top:50px;width:100%;\"><\/div><div class=\"fusion-sep-clear\"><\/div><div class=\"fusion-clearfix\"><\/div><\/div><\/div><div class=\"fusion-layout-column fusion_builder_column fusion-builder-column-1 fusion_builder_column_1_2 1_2 fusion-one-half fusion-column-first contain-width add-left-padding-to-content fadeInUp\" style=\"--awb-bg-size:cover;width:50%;width:calc(50% - ( ( 4% ) * 0.5 ) );margin-right: 4%;\"><div class=\"fusion-column-wrapper fusion-flex-column-wrapper-legacy\"><div class=\"fusion-column-content-centered\"><div class=\"fusion-column-content\"><div class=\"fusion-title title fusion-title-1 fusion-sep-none fusion-title-text fusion-title-size-two\" style=\"--awb-margin-top-small:0px;--awb-margin-right-small:0px;--awb-margin-bottom-small:20px;--awb-margin-left-small:0px;\"><h2 class=\"fusion-title-heading title-heading-left\" style=\"margin:0;\">Nos bureaux<\/h2><\/div><ul style=\"--awb-size:18px;--awb-iconcolor:#b2cf45;--awb-line-height:30.6px;--awb-icon-width:30.6px;--awb-icon-height:30.6px;--awb-icon-margin:12.6px;--awb-content-margin:43.2px;\" class=\"fusion-checklist fusion-checklist-1 fusion-checklist-default type-icons\"><li class=\"fusion-li-item\" style=\"\"><span class=\"icon-wrapper circle-no\"><i class=\"fusion-li-icon fa-phone fas\" aria-hidden=\"true\"><\/i><\/span><div class=\"fusion-li-item-content\">\n<p>(<a href=\"tel:416-364-2243\">416) 364-2243<\/a> (CBGF)<\/p>\n<\/div><\/li><li class=\"fusion-li-item\" style=\"\"><span class=\"icon-wrapper circle-no\"><i class=\"fusion-li-icon fa-phone fas\" aria-hidden=\"true\"><\/i><\/span><div class=\"fusion-li-item-content\">\n<p><a href=\"tel:1-833-459-2243\">1 833 459-2243<\/a> (CBGF)<\/p>\n<\/div><\/li><li class=\"fusion-li-item\" style=\"\"><span class=\"icon-wrapper circle-no\"><i class=\"fusion-li-icon fa-envelope fas\" aria-hidden=\"true\"><\/i><\/span><div class=\"fusion-li-item-content\">\n<p><a href=\"mailto:contact@cbgf.com\">contact@cbgf.com<\/a><\/p>\n<\/div><\/li><li class=\"fusion-li-item\" style=\"\"><span class=\"icon-wrapper circle-no\"><i class=\"fusion-li-icon fa-map-marker fas\" aria-hidden=\"true\"><\/i><\/span><div class=\"fusion-li-item-content\">145 rue King Ouest, bureau 730<br \/>\nToronto (Ontario)<br \/>\nM5H 1J8<\/div><\/li><\/ul><\/div><\/div><div class=\"fusion-clearfix\"><\/div><\/div><\/div><div class=\"fusion-layout-column fusion_builder_column fusion-builder-column-2 fusion_builder_column_1_2 1_2 fusion-one-half fusion-column-last fadeInUp\" style=\"--awb-bg-size:cover;width:50%;width:calc(50% - ( ( 4% ) * 0.5 ) );\"><div class=\"fusion-column-wrapper fusion-flex-column-wrapper-legacy\"><div class=\"fusion-column-content-centered\"><div class=\"fusion-column-content\">\t\t\t\t\t<script type=\"text\/javascript\">\n\t\t\t\t\t\tvar map_fusion_map_69d3a33098dbd;\n\t\t\t\t\t\tvar markers = [];\n\t\t\t\t\t\tvar counter = 0;\n\t\t\t\t\t\t\t\t\t\t\t\t\t\t\t\t\t\t\t\tvar fusionMapNonce = '3555bccc25';\n\t\t\t\t\t\t\t\t\t\t\t\tfunction fusion_run_map_fusion_map_69d3a33098dbd() {\n\t\t\t\t\t\t\tjQuery ('#fusion_map_69d3a33098dbd' ).fusion_maps( {\n\t\t\t\t\t\t\t\taddresses: [{\"address\":\"145 rue King Ouest, bureau 730 Toronto (Ontario) M5H 1J8\",\"infobox_content\":\"145 rue King Ouest, bureau 730 Toronto (Ontario) M5H 1J8\",\"coordinates\":false,\"cache\":true,\"latitude\":\"43.6474734\",\"longitude\":\"-79.38395170000001\"}],\n\t\t\t\t\t\t\t\tanimations: false,\n\t\t\t\t\t\t\t\tinfobox_background_color: '',\n\t\t\t\t\t\t\t\tinfobox_styling: 'default',\n\t\t\t\t\t\t\t\tinfobox_text_color: '',\n\t\t\t\t\t\t\t\tmap_style: 'default',\n\t\t\t\t\t\t\t\tmap_type: 'roadmap',\n\t\t\t\t\t\t\t\tmarker_icon: '',\n\t\t\t\t\t\t\t\toverlay_color: '#b6d554',\n\t\t\t\t\t\t\t\toverlay_color_hsl: {\"hue\":74,\"sat\":61,\"lum\":58},\n\t\t\t\t\t\t\t\tshow_address: true,\n\t\t\t\t\t\t\t\tscale_control: true,\n\t\t\t\t\t\t\t\tscrollwheel: true,\n\t\t\t\t\t\t\t\tzoom: 14,\n\t\t\t\t\t\t\t\tzoom_control: true,\n\t\t\t\t\t\t\t} );\n\t\t\t\t\t\t}\n\n\t\t\t\t\t\tgoogle.maps.event.addDomListener(window, 'load', fusion_run_map_fusion_map_69d3a33098dbd);\n\t\t\t\t\t<\/script>\n\t\t\t\t\t<div class=\"shortcode-map fusion-google-map fusion-maps-js-type\" style=\"--awb-height:600px;\" id=\"fusion_map_69d3a33098dbd\"><\/div><\/div><\/div><div class=\"fusion-clearfix\"><\/div><\/div><\/div><div class=\"fusion-layout-column fusion_builder_column fusion-builder-column-3 fusion_builder_column_1_1 1_1 fusion-one-full fusion-column-first fusion-column-last fusion-column-no-min-height fusion-no-small-visibility\" style=\"--awb-bg-size:cover;\"><div class=\"fusion-column-wrapper fusion-flex-column-wrapper-legacy\"><div class=\"fusion-sep-clear\"><\/div><div class=\"fusion-separator fusion-full-width-sep\" style=\"margin-left: auto;margin-right: auto;margin-top:50px;width:100%;\"><\/div><div class=\"fusion-sep-clear\"><\/div><div class=\"fusion-clearfix\"><\/div><\/div><\/div><\/div><\/div><div class=\"fusion-fullwidth fullwidth-box fusion-builder-row-2 hundred-percent-fullwidth non-hundred-percent-height-scrolling fusion-equal-height-columns\" style=\"--awb-border-radius-top-left:0px;--awb-border-radius-top-right:0px;--awb-border-radius-bottom-right:0px;--awb-border-radius-bottom-left:0px;--awb-padding-top:100px;--awb-padding-bottom:100px;--awb-background-color:#b2cf45;--awb-flex-wrap:wrap;\" ><div class=\"fusion-builder-row fusion-row\"><div class=\"fusion-layout-column fusion_builder_column fusion-builder-column-4 fusion_builder_column_1_4 1_4 fusion-one-fourth fusion-column-first fusion-no-small-visibility\" style=\"--awb-bg-blend:overlay;--awb-bg-size:cover;width:25%;width:calc(25% - ( ( 4% ) * 0.25 ) );margin-right: 4%;\"><div class=\"fusion-column-wrapper fusion-flex-column-wrapper-legacy\"><div class=\"fusion-column-content-centered\"><div class=\"fusion-column-content\"><\/div><\/div><div class=\"fusion-clearfix\"><\/div><\/div><\/div><div class=\"fusion-layout-column fusion_builder_column fusion-builder-column-5 fusion_builder_column_2_3 2_3 fusion-two-third fusion-column-last newsletterSection\" style=\"--awb-bg-blend:overlay;--awb-bg-size:cover;--awb-margin-bottom:0px;width:66.6666666667%;width:calc(66.6666666667% - ( ( 4% ) * 0.666666666667 ) );\"><div class=\"fusion-column-wrapper fusion-flex-column-wrapper-legacy\"><div class=\"fusion-column-content-centered\"><div class=\"fusion-column-content\"><div class=\"fusion-builder-row fusion-builder-row-inner fusion-row\"><div class=\"fusion-layout-column fusion_builder_column_inner fusion-builder-nested-column-0 fusion_builder_column_inner_1_4 1_4 fusion-one-fourth fusion-column-first fusion-no-small-visibility fusion-no-medium-visibility\" style=\"--awb-bg-blend:overlay;--awb-bg-size:cover;--awb-margin-bottom:0px;width:25%;width:calc(25% - ( ( 4% ) * 0.25 ) );margin-right: 4%;\"><div class=\"fusion-column-wrapper fusion-flex-column-wrapper-legacy\"><div class=\"fusion-image-element in-legacy-container\" style=\"--awb-caption-title-font-family:var(--h2_typography-font-family);--awb-caption-title-font-weight:var(--h2_typography-font-weight);--awb-caption-title-font-style:var(--h2_typography-font-style);--awb-caption-title-size:var(--h2_typography-font-size);--awb-caption-title-transform:var(--h2_typography-text-transform);--awb-caption-title-line-height:var(--h2_typography-line-height);--awb-caption-title-letter-spacing:var(--h2_typography-letter-spacing);\"><span class=\" fusion-imageframe imageframe-none imageframe-1 hover-type-none\"><img decoding=\"async\" width=\"201\" height=\"201\" alt=\"mail icon\" title=\"mail icon\" src=\"https:\/\/cbgf.com\/wp-content\/uploads\/2019\/03\/mail-icon.png\" data-orig-src=\"https:\/\/cbgf.com\/wp-content\/uploads\/2019\/03\/mail-icon.png\" class=\"lazyload img-responsive wp-image-2369\" srcset=\"data:image\/svg+xml,%3Csvg%20xmlns%3D%27http%3A%2F%2Fwww.w3.org%2F2000%2Fsvg%27%20width%3D%27201%27%20height%3D%27201%27%20viewBox%3D%270%200%20201%20201%27%3E%3Crect%20width%3D%27201%27%20height%3D%27201%27%20fill-opacity%3D%220%22%2F%3E%3C%2Fsvg%3E\" data-srcset=\"https:\/\/cbgf.com\/wp-content\/uploads\/2019\/03\/mail-icon-200x200.png 200w, https:\/\/cbgf.com\/wp-content\/uploads\/2019\/03\/mail-icon.png 201w\" data-sizes=\"auto\" data-orig-sizes=\"(max-width: 800px) 100vw, 201px\" \/><\/span><\/div><div class=\"fusion-clearfix\"><\/div><\/div><\/div><div class=\"fusion-layout-column fusion_builder_column_inner fusion-builder-nested-column-1 fusion_builder_column_inner_3_4 3_4 fusion-three-fourth fusion-column-last\" style=\"--awb-bg-blend:overlay;--awb-bg-size:cover;--awb-margin-bottom:0px;width:75%;width:calc(75% - ( ( 4% ) * 0.75 ) );\"><div class=\"fusion-column-wrapper fusion-flex-column-wrapper-legacy\"><div class=\"fusion-text fusion-text-1 newsletterFormDescription\"><h2><span style=\"color: #ffffff;\">Tenez-vous \u00e0 jour!<\/span><\/h2>\n<p><span style=\"color: #ffffff; font-size: 30px;\">Inscrivez-vous \u00e0 notre bulletin pour recevoir les plus r\u00e9centes nouvelles sur le CBGF directement dans votre bo\u00eete de r\u00e9ception.<\/span><\/p>\n<\/div><div class=\"fusion-button-wrapper\"><a class=\"fusion-button button-flat button-xlarge button-custom fusion-button-default button-1 fusion-button-default-span fusion-button-default-type\" style=\"--button_accent_color:#51534a;--button_accent_hover_color:#51534a;--button_border_hover_color:#51534a;--button_gradient_top_color:#ffffff;--button_gradient_bottom_color:#ffffff;--button_gradient_top_color_hover:#ffffff;--button_gradient_bottom_color_hover:#ffffff;\" target=\"_self\" href=\"\/fr\/contactez-nous\/inscription-par-courrier-electronique\/\"><span class=\"fusion-button-text awb-button__text awb-button__text--default\">INSCRIVEZ-VOUS D\u00c8S AUJOURD\u2019HUI<\/span><\/a><\/div><div class=\"fusion-clearfix\"><\/div><\/div><\/div><\/div><\/div><\/div><div class=\"fusion-clearfix\"><\/div><\/div><\/div><\/div><\/div>\n<\/p>\n","protected":false},"excerpt":{"rendered":"","protected":false},"author":1,"featured_media":0,"parent":0,"menu_order":0,"comment_status":"closed","ping_status":"closed","template":"100-width.php","meta":{"_acf_changed":false,"_relevanssi_hide_post":"","_relevanssi_hide_content":"","_relevanssi_pin_for_all":"","_relevanssi_pin_keywords":"","_relevanssi_unpin_keywords":"","_relevanssi_related_keywords":"","_relevanssi_related_include_ids":"","_relevanssi_related_exclude_ids":"","_relevanssi_related_no_append":"","_relevanssi_related_not_related":"","_relevanssi_related_posts":"","_relevanssi_noindex_reason":"","footnotes":"","_links_to":"","_links_to_target":""},"class_list":["post-1193","page","type-page","status-publish","hentry"],"acf":[],"yoast_head":"<!-- This site is optimized with the Yoast SEO plugin v27.3 - https:\/\/yoast.com\/product\/yoast-seo-wordpress\/ -->\n<title>Contactez CBGF au 1 833 459-2243 | 145 King St West Toronto<\/title>\n<meta name=\"description\" content=\"Contactez le Canadian Business Growth Fund au (416) 364-2243 (CBGF) ~ Sans frais au 1 833 459-2243 (CBGF) - 145 King Street West, bureau 730, Toronto, ON, M5H 1J8\" \/>\n<meta name=\"robots\" content=\"index, follow, max-snippet:-1, max-image-preview:large, max-video-preview:-1\" \/>\n<link rel=\"canonical\" href=\"https:\/\/cbgf.com\/fr\/contactez-nous\/\" \/>\n<meta property=\"og:locale\" content=\"fr_CA\" \/>\n<meta property=\"og:type\" content=\"article\" \/>\n<meta property=\"og:title\" content=\"Contactez CBGF au 1 833 459-2243 | 145 King St West Toronto\" \/>\n<meta property=\"og:description\" content=\"Contactez le Canadian Business Growth Fund au (416) 364-2243 (CBGF) ~ Sans frais au 1 833 459-2243 (CBGF) - 145 King Street West, bureau 730, Toronto, ON, M5H 1J8\" \/>\n<meta property=\"og:url\" content=\"https:\/\/cbgf.com\/fr\/contactez-nous\/\" \/>\n<meta property=\"og:site_name\" content=\"Canadian Business Growth Fund\" \/>\n<meta property=\"article:modified_time\" content=\"2024-08-20T17:43:51+00:00\" \/>\n<meta property=\"og:image\" content=\"https:\/\/cbgf.com\/wp-content\/uploads\/2018\/06\/contact-banner.jpg\" \/>\n\t<meta property=\"og:image:width\" content=\"1920\" \/>\n\t<meta property=\"og:image:height\" content=\"700\" \/>\n\t<meta property=\"og:image:type\" content=\"image\/jpeg\" \/>\n<meta name=\"twitter:card\" content=\"summary_large_image\" \/>\n<meta name=\"twitter:image\" content=\"https:\/\/cbgf.com\/wp-content\/uploads\/2018\/06\/contact-banner.jpg\" \/>\n<meta name=\"twitter:site\" content=\"@CBGFinvestments\" \/>\n<meta name=\"twitter:label1\" content=\"Estimation du temps de lecture\" \/>\n\t<meta name=\"twitter:data1\" content=\"3 minutes\" \/>\n<script type=\"application\/ld+json\" class=\"yoast-schema-graph\">{\"@context\":\"https:\\\/\\\/schema.org\",\"@graph\":[{\"@type\":\"WebPage\",\"@id\":\"https:\\\/\\\/cbgf.com\\\/fr\\\/contactez-nous\\\/\",\"url\":\"https:\\\/\\\/cbgf.com\\\/fr\\\/contactez-nous\\\/\",\"name\":\"Contactez CBGF au 1 833 459-2243 | 145 King St West Toronto\",\"isPartOf\":{\"@id\":\"https:\\\/\\\/cbgf.com\\\/fr\\\/#website\"},\"datePublished\":\"2018-06-13T19:37:44+00:00\",\"dateModified\":\"2024-08-20T17:43:51+00:00\",\"description\":\"Contactez le Canadian Business Growth Fund au (416) 364-2243 (CBGF) ~ Sans frais au 1 833 459-2243 (CBGF) - 145 King Street West, bureau 730, Toronto, ON, M5H 1J8\",\"breadcrumb\":{\"@id\":\"https:\\\/\\\/cbgf.com\\\/fr\\\/contactez-nous\\\/#breadcrumb\"},\"inLanguage\":\"fr-CA\",\"potentialAction\":[{\"@type\":\"ReadAction\",\"target\":[\"https:\\\/\\\/cbgf.com\\\/fr\\\/contactez-nous\\\/\"]}]},{\"@type\":\"BreadcrumbList\",\"@id\":\"https:\\\/\\\/cbgf.com\\\/fr\\\/contactez-nous\\\/#breadcrumb\",\"itemListElement\":[{\"@type\":\"ListItem\",\"position\":1,\"name\":\"Home\",\"item\":\"https:\\\/\\\/cbgf.com\\\/fr\\\/\"},{\"@type\":\"ListItem\",\"position\":2,\"name\":\"Contactez-Nous\"}]},{\"@type\":\"WebSite\",\"@id\":\"https:\\\/\\\/cbgf.com\\\/fr\\\/#website\",\"url\":\"https:\\\/\\\/cbgf.com\\\/fr\\\/\",\"name\":\"Canadian Business Growth Fund\",\"description\":\"\",\"potentialAction\":[{\"@type\":\"SearchAction\",\"target\":{\"@type\":\"EntryPoint\",\"urlTemplate\":\"https:\\\/\\\/cbgf.com\\\/fr\\\/?s={search_term_string}\"},\"query-input\":{\"@type\":\"PropertyValueSpecification\",\"valueRequired\":true,\"valueName\":\"search_term_string\"}}],\"inLanguage\":\"fr-CA\"}]}<\/script>\n<!-- \/ Yoast SEO plugin. -->","yoast_head_json":{"title":"Contactez CBGF au 1 833 459-2243 | 145 King St West Toronto","description":"Contactez le Canadian Business Growth Fund au (416) 364-2243 (CBGF) ~ Sans frais au 1 833 459-2243 (CBGF) - 145 King Street West, bureau 730, Toronto, ON, M5H 1J8","robots":{"index":"index","follow":"follow","max-snippet":"max-snippet:-1","max-image-preview":"max-image-preview:large","max-video-preview":"max-video-preview:-1"},"canonical":"https:\/\/cbgf.com\/fr\/contactez-nous\/","og_locale":"fr_CA","og_type":"article","og_title":"Contactez CBGF au 1 833 459-2243 | 145 King St West Toronto","og_description":"Contactez le Canadian Business Growth Fund au (416) 364-2243 (CBGF) ~ Sans frais au 1 833 459-2243 (CBGF) - 145 King Street West, bureau 730, Toronto, ON, M5H 1J8","og_url":"https:\/\/cbgf.com\/fr\/contactez-nous\/","og_site_name":"Canadian Business Growth Fund","article_modified_time":"2024-08-20T17:43:51+00:00","og_image":[{"width":1920,"height":700,"url":"https:\/\/cbgf.com\/wp-content\/uploads\/2018\/06\/contact-banner.jpg","type":"image\/jpeg"}],"twitter_card":"summary_large_image","twitter_image":"https:\/\/cbgf.com\/wp-content\/uploads\/2018\/06\/contact-banner.jpg","twitter_site":"@CBGFinvestments","twitter_misc":{"Estimation du temps de lecture":"3 minutes"},"schema":{"@context":"https:\/\/schema.org","@graph":[{"@type":"WebPage","@id":"https:\/\/cbgf.com\/fr\/contactez-nous\/","url":"https:\/\/cbgf.com\/fr\/contactez-nous\/","name":"Contactez CBGF au 1 833 459-2243 | 145 King St West Toronto","isPartOf":{"@id":"https:\/\/cbgf.com\/fr\/#website"},"datePublished":"2018-06-13T19:37:44+00:00","dateModified":"2024-08-20T17:43:51+00:00","description":"Contactez le Canadian Business Growth Fund au (416) 364-2243 (CBGF) ~ Sans frais au 1 833 459-2243 (CBGF) - 145 King Street West, bureau 730, Toronto, ON, M5H 1J8","breadcrumb":{"@id":"https:\/\/cbgf.com\/fr\/contactez-nous\/#breadcrumb"},"inLanguage":"fr-CA","potentialAction":[{"@type":"ReadAction","target":["https:\/\/cbgf.com\/fr\/contactez-nous\/"]}]},{"@type":"BreadcrumbList","@id":"https:\/\/cbgf.com\/fr\/contactez-nous\/#breadcrumb","itemListElement":[{"@type":"ListItem","position":1,"name":"Home","item":"https:\/\/cbgf.com\/fr\/"},{"@type":"ListItem","position":2,"name":"Contactez-Nous"}]},{"@type":"WebSite","@id":"https:\/\/cbgf.com\/fr\/#website","url":"https:\/\/cbgf.com\/fr\/","name":"Canadian Business Growth Fund","description":"","potentialAction":[{"@type":"SearchAction","target":{"@type":"EntryPoint","urlTemplate":"https:\/\/cbgf.com\/fr\/?s={search_term_string}"},"query-input":{"@type":"PropertyValueSpecification","valueRequired":true,"valueName":"search_term_string"}}],"inLanguage":"fr-CA"}]}},"_links":{"self":[{"href":"https:\/\/cbgf.com\/fr\/wp-json\/wp\/v2\/pages\/1193","targetHints":{"allow":["GET"]}}],"collection":[{"href":"https:\/\/cbgf.com\/fr\/wp-json\/wp\/v2\/pages"}],"about":[{"href":"https:\/\/cbgf.com\/fr\/wp-json\/wp\/v2\/types\/page"}],"author":[{"embeddable":true,"href":"https:\/\/cbgf.com\/fr\/wp-json\/wp\/v2\/users\/1"}],"replies":[{"embeddable":true,"href":"https:\/\/cbgf.com\/fr\/wp-json\/wp\/v2\/comments?post=1193"}],"version-history":[{"count":0,"href":"https:\/\/cbgf.com\/fr\/wp-json\/wp\/v2\/pages\/1193\/revisions"}],"wp:attachment":[{"href":"https:\/\/cbgf.com\/fr\/wp-json\/wp\/v2\/media?parent=1193"}],"curies":[{"name":"wp","href":"https:\/\/api.w.org\/{rel}","templated":true}]}}